{"id":10,"date":"2024-02-15T09:18:37","date_gmt":"2024-02-15T09:18:37","guid":{"rendered":"https:\/\/template1.turitopbooking.com\/pro\/affiliate-dashboard\/"},"modified":"2024-02-15T09:18:37","modified_gmt":"2024-02-15T09:18:37","slug":"tableau-de-bord-des-affilies","status":"publish","type":"page","link":"https:\/\/www.kartingtenerife.com\/fr\/tableau-de-bord-des-affilies\/","title":{"rendered":"Escritorio de afiliado"},"content":{"rendered":"<div class=\"yith-wcaf yith-wcaf-registration-form woocommerce\">\n\t\n\t\n\t\t\t\t<div class=\"forms-container\">\n\n\t\t\t\n\t\t\t\n\t\t\t\n\t\t\t\t\t\t\t\t\t<h2 class=\"register-title\">\n\t\t\t\t\t\tRegistre\t\t\t\t\t<\/h2>\n\t\t\t\t\n\t\t\t\t<div class=\"register-form\">\n\t\t\t\t\t<form method=\"post\" class=\"register\" action=\"\">\n\n\t\t\t\t\t\t\t\t\t\t\t\t\t\t\t\t\t\t<p class=\"form-row validate-required\" id=\"profile_username_field\" data-priority=\"\"><label for=\"profile_username\" class=\"required_field\">Nom d'utilisateur&nbsp;<span class=\"required\" aria-hidden=\"true\">*<\/span><\/label><span class=\"woocommerce-input-wrapper\"><input type=\"text\" class=\"input-text\" name=\"username\" id=\"profile_username\" placeholder=\"\"  value=\"\" aria-required=\"true\" \/><\/span><\/p><p class=\"form-row validate-required\" id=\"profile_first_name_field\" data-priority=\"\"><label for=\"profile_first_name\" class=\"required_field\">Pr\u00e9nom&nbsp;<span class=\"required\" aria-hidden=\"true\">*<\/span><\/label><span class=\"woocommerce-input-wrapper\"><input type=\"text\" class=\"input-text\" name=\"first_name\" id=\"profile_first_name\" placeholder=\"\"  value=\"\" aria-required=\"true\" \/><\/span><\/p><p class=\"form-row validate-required\" id=\"profile_last_name_field\" data-priority=\"\"><label for=\"profile_last_name\" class=\"required_field\">Nom de famille&nbsp;<span class=\"required\" aria-hidden=\"true\">*<\/span><\/label><span class=\"woocommerce-input-wrapper\"><input type=\"text\" class=\"input-text\" name=\"last_name\" id=\"profile_last_name\" placeholder=\"\"  value=\"\" aria-required=\"true\" \/><\/span><\/p><p class=\"form-row validate-required\" id=\"profile_email_field\" data-priority=\"\"><label for=\"profile_email\" class=\"required_field\">Adresse \u00e9lectronique&nbsp;<span class=\"required\" aria-hidden=\"true\">*<\/span><\/label><span class=\"woocommerce-input-wrapper\"><input type=\"email\" class=\"input-text\" name=\"email\" id=\"profile_email\" placeholder=\"\"  value=\"\" data-validation=\"email\" aria-required=\"true\" \/><\/span><\/p><p class=\"form-row validate-required\" id=\"profile_password_field\" data-priority=\"\"><label for=\"profile_password\" class=\"required_field\">Mot de passe&nbsp;<span class=\"required\" aria-hidden=\"true\">*<\/span><\/label><span class=\"woocommerce-input-wrapper\"><input type=\"password\" class=\"input-text\" name=\"password\" id=\"profile_password\" placeholder=\"\"  value=\"\" aria-required=\"true\" \/><\/span><\/p>\t\t\t<p class=\"form-row\">\n\t\t\t\t<span class=\"woocommerce-privacy-policy-text\">\n\t\t\t\t\tVos donn\u00e9es personnelles seront utilis\u00e9es pour faciliter votre exp\u00e9rience sur ce site web, pour g\u00e9rer l'acc\u00e8s \u00e0 votre compte et \u00e0 d'autres fins d\u00e9crites dans notre site web. <a href=\"https:\/\/www.kartingtenerife.com\/fr\/politique-de-confidentialite\/\" class=\"woocommerce-privacy-policy-link\" target=\"_blank\" data-no-translation=\"\" data-trp-gettext=\"\">politique de confidentialit\u00e9<\/a>.\t\t\t\t<\/span>\n\t\t\t<\/p>\n\t\t\t<p class=\"form-row terms-label validate-required\" id=\"profile_terms_field\" data-priority=\"\"><span class=\"woocommerce-input-wrapper\"><label class=\"checkbox terms-label\" ><input type=\"checkbox\" name=\"terms\" id=\"profile_terms\" value=\"1\" class=\"input-checkbox\"  aria-required=\"true\" \/> J'ai lu et j'accepte le site web <a href=\"https:\/\/www.kartingtenerife.com\/fr\/conditions-dutilisation\/\" class=\"woocommerce-terms-and-conditions-link\" target=\"_blank\" data-no-translation=\"\" data-trp-gettext=\"\">conditions g\u00e9n\u00e9rales<\/a>&nbsp;<span class=\"required\" aria-hidden=\"true\">*<\/span><\/label><\/span><\/p>\t\t\t\t\t\t<wc-order-attribution-inputs><\/wc-order-attribution-inputs><wc-order-insight-inputs><\/wc-order-insight-inputs>\n\t\t\t\t\t\t<p class=\"form-row\">\n\t\t\t\t\t\t\t<input type=\"hidden\" id=\"woocommerce-register-nonce\" name=\"woocommerce-register-nonce\" value=\"69bb067244\" \/><input type=\"hidden\" name=\"_wp_http_referer\" value=\"\/fr\/wp-json\/wp\/v2\/pages\/10\" \/>\t\t\t\t\t\t\t<input type=\"hidden\" id=\"register_affiliate\" name=\"register_affiliate\" value=\"7adfaeeb07\" \/>\n\t\t\t\t\t\t\t<input type=\"submit\" class=\"button\" name=\"register\" value=\"Registre\"\/>\n\t\t\t\t\t\t<\/p>\n\n\t\t\t\t\t\t\n\t\t\t\t\t<input type=\"hidden\" name=\"trp-form-language\" value=\"fr\"\/><\/form>\n\t\t\t\t<\/div>\n\n\t\t\t\n\t\t\t\n\t\t<\/div>\n\n\t<\/div>","protected":false},"excerpt":{"rendered":"","protected":false},"author":1,"featured_media":0,"parent":0,"menu_order":0,"comment_status":"closed","ping_status":"closed","template":"","meta":{"_acf_changed":false,"_kad_blocks_custom_css":"","_kad_blocks_head_custom_js":"","_kad_blocks_body_custom_js":"","_kad_blocks_footer_custom_js":"","_kad_post_transparent":"","_kad_post_title":"","_kad_post_layout":"","_kad_post_sidebar_id":"","_kad_post_content_style":"","_kad_post_vertical_padding":"","_kad_post_feature":"","_kad_post_feature_position":"","_kad_post_header":false,"_kad_post_footer":false,"_kad_post_classname":"","footnotes":""},"class_list":["post-10","page","type-page","status-publish","hentry"],"acf":[],"taxonomy_info":[],"featured_image_src_large":false,"author_info":{"display_name":"admin","author_link":"https:\/\/www.kartingtenerife.com\/fr\/autor\/e9jcgswvneybrica\/"},"comment_info":0,"_links":{"self":[{"href":"https:\/\/www.kartingtenerife.com\/fr\/wp-json\/wp\/v2\/pages\/10","targetHints":{"allow":["GET"]}}],"collection":[{"href":"https:\/\/www.kartingtenerife.com\/fr\/wp-json\/wp\/v2\/pages"}],"about":[{"href":"https:\/\/www.kartingtenerife.com\/fr\/wp-json\/wp\/v2\/types\/page"}],"author":[{"embeddable":true,"href":"https:\/\/www.kartingtenerife.com\/fr\/wp-json\/wp\/v2\/users\/1"}],"replies":[{"embeddable":true,"href":"https:\/\/www.kartingtenerife.com\/fr\/wp-json\/wp\/v2\/comments?post=10"}],"version-history":[{"count":1,"href":"https:\/\/www.kartingtenerife.com\/fr\/wp-json\/wp\/v2\/pages\/10\/revisions"}],"predecessor-version":[{"id":91,"href":"https:\/\/www.kartingtenerife.com\/fr\/wp-json\/wp\/v2\/pages\/10\/revisions\/91"}],"wp:attachment":[{"href":"https:\/\/www.kartingtenerife.com\/fr\/wp-json\/wp\/v2\/media?parent=10"}],"curies":[{"name":"wp","href":"https:\/\/api.w.org\/{rel}","templated":true}]}}