{"id":1257,"date":"2025-08-01T21:19:33","date_gmt":"2025-08-01T21:19:33","guid":{"rendered":"https:\/\/t295.turitopbooking.com\/pro\/?page_id=1257"},"modified":"2025-08-01T21:19:35","modified_gmt":"2025-08-01T21:19:35","slug":"termini-e-condizioni-duso","status":"publish","type":"page","link":"https:\/\/www.kartingtenerife.com\/it\/termini-e-condizioni-duso\/","title":{"rendered":"Termini e condizioni d'uso"},"content":{"rendered":"<style>.kb-row-layout-wrap.wp-block-kadence-rowlayout.kb-row-layout-id1257_3ae7c1-a9{margin-top:0px;margin-bottom:0px;}.kb-row-layout-id1257_3ae7c1-a9 > .kt-row-column-wrap{align-content:start;}:where(.kb-row-layout-id1257_3ae7c1-a9 > .kt-row-column-wrap) > .wp-block-kadence-column{justify-content:start;}.kb-row-layout-id1257_3ae7c1-a9 > .kt-row-column-wrap{column-gap:var(--global-kb-gap-none, 0rem );row-gap:var(--global-kb-gap-none, 0rem );padding-top:0px;padding-right:0px;padding-bottom:0px;padding-left:0px;grid-template-columns:minmax(0, 1fr);}.kb-row-layout-id1257_3ae7c1-a9 > .kt-row-layout-overlay{opacity:0.30;}@media all and (max-width: 1024px){.kb-row-layout-id1257_3ae7c1-a9 > .kt-row-column-wrap{grid-template-columns:minmax(0, 1fr);}}@media all and (max-width: 767px){.kb-row-layout-id1257_3ae7c1-a9 > .kt-row-column-wrap{grid-template-columns:minmax(0, 1fr);}}<\/style><div class=\"kb-row-layout-wrap kb-row-layout-id1257_3ae7c1-a9 alignfull wp-block-kadence-rowlayout\"><div class=\"kt-row-column-wrap kt-has-2-columns kt-row-layout-row kt-tab-layout-inherit kt-mobile-layout-row kt-row-valign-top\">\n<style>.kadence-column1257_2241fa-f6 > .kt-inside-inner-col{display:flex;}.kadence-column1257_2241fa-f6 > .kt-inside-inner-col{padding-top:0px;padding-right:0px;padding-bottom:0px;padding-left:0px;}.kadence-column1257_2241fa-f6 > .kt-inside-inner-col{min-height:300px;}.kadence-column1257_2241fa-f6 > .kt-inside-inner-col,.kadence-column1257_2241fa-f6 > .kt-inside-inner-col:before{border-top-left-radius:0px;border-top-right-radius:0px;border-bottom-right-radius:0px;border-bottom-left-radius:0px;}.kadence-column1257_2241fa-f6 > .kt-inside-inner-col{column-gap:var(--global-kb-gap-sm, 1rem);}.kadence-column1257_2241fa-f6 > .kt-inside-inner-col{flex-direction:column;justify-content:center;align-items:center;}.kadence-column1257_2241fa-f6 > .kt-inside-inner-col > .kb-image-is-ratio-size{align-self:stretch;}.kadence-column1257_2241fa-f6 > .kt-inside-inner-col > .wp-block-kadence-advancedgallery{align-self:stretch;}.kadence-column1257_2241fa-f6 > .kt-inside-inner-col > .aligncenter{width:100%;}.kt-row-column-wrap > .kadence-column1257_2241fa-f6{align-self:center;}.kt-inner-column-height-full:not(.kt-has-1-columns) > .wp-block-kadence-column.kadence-column1257_2241fa-f6{align-self:auto;}.kt-inner-column-height-full:not(.kt-has-1-columns) > .wp-block-kadence-column.kadence-column1257_2241fa-f6 > .kt-inside-inner-col{flex-direction:column;justify-content:center;}.kadence-column1257_2241fa-f6 > .kt-inside-inner-col{background-image:url('https:\/\/kartingtenerife.com\/wp-content\/uploads\/sites\/3\/2025\/07\/fondo-tienda.png');background-size:cover;background-position:50% 100%;background-attachment:scroll;background-repeat:no-repeat;}.kadence-column1257_2241fa-f6 > .kt-inside-inner-col:before{opacity:0.3;}.kadence-column1257_2241fa-f6{text-align:center;}.kadence-column1257_2241fa-f6{position:relative;}.kadence-column1257_2241fa-f6, .kt-inside-inner-col > .kadence-column1257_2241fa-f6:not(.specificity){margin-top:0px;margin-right:0px;margin-bottom:0px;margin-left:0px;}@media all and (max-width: 1024px){.kt-row-column-wrap > .kadence-column1257_2241fa-f6{align-self:center;}}@media all and (max-width: 1024px){.kt-inner-column-height-full:not(.kt-has-1-columns) > .wp-block-kadence-column.kadence-column1257_2241fa-f6{align-self:auto;}}@media all and (max-width: 1024px){.kt-inner-column-height-full:not(.kt-has-1-columns) > .wp-block-kadence-column.kadence-column1257_2241fa-f6 > .kt-inside-inner-col{flex-direction:column;justify-content:center;}}@media all and (max-width: 1024px){.kadence-column1257_2241fa-f6 > .kt-inside-inner-col{flex-direction:column;justify-content:center;align-items:center;}}@media all and (max-width: 767px){.kt-row-column-wrap > .kadence-column1257_2241fa-f6{align-self:center;}.kt-inner-column-height-full:not(.kt-has-1-columns) > .wp-block-kadence-column.kadence-column1257_2241fa-f6{align-self:auto;}.kt-inner-column-height-full:not(.kt-has-1-columns) > .wp-block-kadence-column.kadence-column1257_2241fa-f6 > .kt-inside-inner-col{flex-direction:column;justify-content:center;}.kadence-column1257_2241fa-f6 > .kt-inside-inner-col{flex-direction:column;justify-content:center;align-items:center;}}<\/style>\n<div class=\"wp-block-kadence-column kadence-column1257_2241fa-f6\"><div class=\"kt-inside-inner-col\"><style>.wp-block-kadence-advancedheading.kt-adv-heading1257_07d507-37, .wp-block-kadence-advancedheading.kt-adv-heading1257_07d507-37[data-kb-block=\"kb-adv-heading1257_07d507-37\"]{padding-top:0px;padding-right:0px;padding-bottom:0px;padding-left:0px;margin-top:0px;margin-right:0px;margin-bottom:0px;margin-left:0px;font-style:normal;}.wp-block-kadence-advancedheading.kt-adv-heading1257_07d507-37 mark.kt-highlight, .wp-block-kadence-advancedheading.kt-adv-heading1257_07d507-37[data-kb-block=\"kb-adv-heading1257_07d507-37\"] mark.kt-highlight{font-style:normal;color:#f76a0c;-webkit-box-decoration-break:clone;box-decoration-break:clone;padding-top:0px;padding-right:0px;padding-bottom:0px;padding-left:0px;}.wp-block-kadence-advancedheading.kt-adv-heading1257_07d507-37 img.kb-inline-image, .wp-block-kadence-advancedheading.kt-adv-heading1257_07d507-37[data-kb-block=\"kb-adv-heading1257_07d507-37\"] img.kb-inline-image{width:150px;vertical-align:baseline;}<\/style>\n<h1 class=\"kt-adv-heading1257_07d507-37 wp-block-kadence-advancedheading\" data-kb-block=\"kb-adv-heading1257_07d507-37\">T\u00e9rminos y Condiciones de Uso<\/h1>\n<\/div><\/div>\n\n\n<style>.kadence-column1257_676935-ed > .kt-inside-inner-col{min-height:60px;}.kadence-column1257_676935-ed > .kt-inside-inner-col,.kadence-column1257_676935-ed > .kt-inside-inner-col:before{border-top-left-radius:0px;border-top-right-radius:0px;border-bottom-right-radius:0px;border-bottom-left-radius:0px;}.kadence-column1257_676935-ed > .kt-inside-inner-col{column-gap:var(--global-kb-gap-sm, 1rem);}.kadence-column1257_676935-ed > .kt-inside-inner-col{flex-direction:column;}.kadence-column1257_676935-ed > .kt-inside-inner-col > .aligncenter{width:100%;}.kadence-column1257_676935-ed > .kt-inside-inner-col{background-image:url('https:\/\/kartingtenerife.com\/wp-content\/uploads\/sites\/3\/2025\/07\/patron-svg.svg');background-size:cover;background-position:center center;background-attachment:scroll;background-repeat:no-repeat;}.kadence-column1257_676935-ed > .kt-inside-inner-col:before{opacity:0.3;}.kadence-column1257_676935-ed{position:relative;}@media all and (max-width: 1024px){.kadence-column1257_676935-ed > .kt-inside-inner-col{flex-direction:column;justify-content:center;}}@media all and (max-width: 767px){.kadence-column1257_676935-ed > .kt-inside-inner-col{flex-direction:column;justify-content:center;}}<\/style>\n<div class=\"wp-block-kadence-column kadence-column1257_676935-ed\"><div class=\"kt-inside-inner-col\"><\/div><\/div>\n\n<\/div><\/div>\n\n<style>.kb-row-layout-id1257_a6d8a7-f5 > .kt-row-column-wrap{align-content:start;}:where(.kb-row-layout-id1257_a6d8a7-f5 > .kt-row-column-wrap) > .wp-block-kadence-column{justify-content:start;}.kb-row-layout-id1257_a6d8a7-f5 > .kt-row-column-wrap{column-gap:var(--global-kb-gap-md, 2rem);row-gap:var(--global-kb-gap-md, 2rem);max-width:1000px;margin-left:auto;margin-right:auto;padding-top:var(--global-kb-spacing-lg, 3rem);padding-bottom:var(--global-kb-spacing-lg, 3rem);grid-template-columns:minmax(0, 1fr);}.kb-row-layout-id1257_a6d8a7-f5 > .kt-row-layout-overlay{opacity:0.30;}@media all and (max-width: 1024px){.kb-row-layout-id1257_a6d8a7-f5 > .kt-row-column-wrap{grid-template-columns:minmax(0, 1fr);}}@media all and (max-width: 767px){.kb-row-layout-id1257_a6d8a7-f5 > .kt-row-column-wrap{grid-template-columns:minmax(0, 1fr);}}<\/style><div class=\"kb-row-layout-wrap kb-row-layout-id1257_a6d8a7-f5 alignnone wp-block-kadence-rowlayout\"><div class=\"kt-row-column-wrap kt-has-1-columns kt-row-layout-equal kt-tab-layout-inherit kt-mobile-layout-row kt-row-valign-top\">\n<style>.kadence-column1257_dbe2a4-a0 > .kt-inside-inner-col,.kadence-column1257_dbe2a4-a0 > .kt-inside-inner-col:before{border-top-left-radius:0px;border-top-right-radius:0px;border-bottom-right-radius:0px;border-bottom-left-radius:0px;}.kadence-column1257_dbe2a4-a0 > .kt-inside-inner-col{column-gap:var(--global-kb-gap-sm, 1rem);}.kadence-column1257_dbe2a4-a0 > .kt-inside-inner-col{flex-direction:column;}.kadence-column1257_dbe2a4-a0 > .kt-inside-inner-col > .aligncenter{width:100%;}.kadence-column1257_dbe2a4-a0 > .kt-inside-inner-col:before{opacity:0.3;}.kadence-column1257_dbe2a4-a0{position:relative;}@media all and (max-width: 1024px){.kadence-column1257_dbe2a4-a0 > .kt-inside-inner-col{flex-direction:column;justify-content:center;}}@media all and (max-width: 767px){.kadence-column1257_dbe2a4-a0 > .kt-inside-inner-col{flex-direction:column;justify-content:center;}}<\/style>\n<div class=\"wp-block-kadence-column kadence-column1257_dbe2a4-a0\"><div class=\"kt-inside-inner-col\">\n<p><strong>1. Estado de Salud:<\/strong> El usuario afirma encontrarse en perfecto estado de salud, sin ninguna enfermedad, dolencia o limitaci\u00f3n que pueda afectar su capacidad para conducir el kart de manera segura.<\/p>\n\n\n\n<p><strong>2. Conocimiento y Aceptaci\u00f3n de Normas:<\/strong> El usuario conoce, comprende y acepta \u00edntegramente todas las normas de uso del circuito y las instalaciones, incluyendo las dispuestas en los paneles informativos.<\/p>\n\n\n\n<p><strong>3. Familiarizaci\u00f3n con el Veh\u00edculo:<\/strong> El usuario ha tenido contacto con el veh\u00edculo, lo ha revisado y se le ha explicado su funcionamiento, el cual ha comprendido.<\/p>\n\n\n\n<p><strong>4. Obligaci\u00f3n de Precauci\u00f3n:<\/strong> El usuario se compromete a adoptar todas las medidas de precauci\u00f3n necesarias para evitar da\u00f1os a personas (tanto propias como de terceros) y bienes (propios y de terceros) durante la conducci\u00f3n y su estancia en el recinto.<\/p>\n\n\n\n<p><strong>5. Sujeci\u00f3n a Indicaciones del Monitor:<\/strong> El usuario reconoce la existencia de un monitor de pista encargado de supervisar y dirigir la actividad, y se compromete a seguir todas sus indicaciones.<\/p>\n\n\n\n<p><strong>6. Uso Responsable del Equipo:<\/strong> El usuario ha recibido un casco y se compromete a mantener en perfecto estado y utilizar con la debida diligencia todo el material entregado, atendiendo y obedeciendo las indicaciones del monitor de pista.<\/p>\n\n\n\n<p><strong>7. Responsabilidad por Da\u00f1os:<\/strong> El usuario ser\u00e1 directa y exclusivamente responsable de cualquier da\u00f1o o perjuicio causado a personas (f\u00edsicas o jur\u00eddicas), animales o a las instalaciones de KARTING, ya sea por negligencia o por incumplimiento de las normas de uso de los veh\u00edculos en el circuito o las normas generales del recinto. Karting Club Tenerife se exime de cualquier reclamaci\u00f3n derivada de una actuaci\u00f3n negligente o incumplimiento de las normas por parte del usuario dentro de estas instalaciones.<\/p>\n\n\n\n<p><strong>8. Derecho de Reclamaci\u00f3n de Da\u00f1os por Parte de Karting Club Tenerife:<\/strong> El usuario reconoce que Karting Club Tenerife se reserva el derecho a reclamar los da\u00f1os causados al material entregado si estos fueron producto de negligencia del usuario o incumplimiento de las normas del circuito. Asimismo, Karting Club Tenerife podr\u00e1 reclamar al usuario cualquier da\u00f1o o perjuicio derivado del incumplimiento de los puntos anteriores.<br><strong>9. Aceptaci\u00f3n de T\u00e9rminos y Condiciones:<\/strong> EL USUARIO ACEPTA PLENAMENTE LOS T\u00c9RMINOS Y CONDICIONES ESTABLECIDOS PARA LA ASISTENCIA Y REALIZACI\u00d3N DE LA ACTIVIDAD DE KARTING EN ESTAS INSTALACIONES.<\/p>\n<\/div><\/div>\n\n<\/div><\/div>\n\n","protected":false},"excerpt":{"rendered":"<p>T\u00e9rminos y Condiciones de Uso 1. Estado de Salud: El usuario afirma encontrarse en perfecto estado de salud, sin ninguna enfermedad, dolencia o limitaci\u00f3n que pueda afectar su capacidad para conducir el kart de manera segura. 2. Conocimiento y Aceptaci\u00f3n de Normas: El usuario conoce, comprende y acepta \u00edntegramente todas las normas de uso del&#8230;<\/p>","protected":false},"author":10,"featured_media":0,"parent":0,"menu_order":0,"comment_status":"closed","ping_status":"closed","template":"","meta":{"_acf_changed":false,"_kad_blocks_custom_css":"","_kad_blocks_head_custom_js":"","_kad_blocks_body_custom_js":"","_kad_blocks_footer_custom_js":"","_kad_post_transparent":"disable","_kad_post_title":"","_kad_post_layout":"","_kad_post_sidebar_id":"","_kad_post_content_style":"","_kad_post_vertical_padding":"","_kad_post_feature":"","_kad_post_feature_position":"","_kad_post_header":false,"_kad_post_footer":false,"_kad_post_classname":"","footnotes":""},"class_list":["post-1257","page","type-page","status-publish","hentry"],"acf":[],"taxonomy_info":[],"featured_image_src_large":false,"author_info":{"display_name":"gonzaloh","author_link":"https:\/\/www.kartingtenerife.com\/it\/autor\/gonzaloh\/"},"comment_info":0,"_links":{"self":[{"href":"https:\/\/www.kartingtenerife.com\/it\/wp-json\/wp\/v2\/pages\/1257","targetHints":{"allow":["GET"]}}],"collection":[{"href":"https:\/\/www.kartingtenerife.com\/it\/wp-json\/wp\/v2\/pages"}],"about":[{"href":"https:\/\/www.kartingtenerife.com\/it\/wp-json\/wp\/v2\/types\/page"}],"author":[{"embeddable":true,"href":"https:\/\/www.kartingtenerife.com\/it\/wp-json\/wp\/v2\/users\/10"}],"replies":[{"embeddable":true,"href":"https:\/\/www.kartingtenerife.com\/it\/wp-json\/wp\/v2\/comments?post=1257"}],"version-history":[{"count":1,"href":"https:\/\/www.kartingtenerife.com\/it\/wp-json\/wp\/v2\/pages\/1257\/revisions"}],"predecessor-version":[{"id":1258,"href":"https:\/\/www.kartingtenerife.com\/it\/wp-json\/wp\/v2\/pages\/1257\/revisions\/1258"}],"wp:attachment":[{"href":"https:\/\/www.kartingtenerife.com\/it\/wp-json\/wp\/v2\/media?parent=1257"}],"curies":[{"name":"wp","href":"https:\/\/api.w.org\/{rel}","templated":true}]}}